{"id":356,"date":"2026-04-20T15:40:14","date_gmt":"2026-04-20T13:40:14","guid":{"rendered":"https:\/\/www.beerleaguehockey.eu\/produkt\/produkt\/"},"modified":"2026-04-20T15:41:57","modified_gmt":"2026-04-20T13:41:57","slug":"produkt","status":"publish","type":"product","link":"https:\/\/www.beerleaguehockey.eu\/en\/product\/produkt\/","title":{"rendered":"Produkt"},"content":{"rendered":"<p>V\u00e4lkommen till Uppsala Damturnering av POJ. 12-14\/5-2026<\/p>\n<p>L\u00e4nken betalas per person och \u00e4r inte \u00e5terbetalningsbar.<\/p>","protected":false},"excerpt":{"rendered":"<p> [&hellip;]<\/p>\n","protected":false},"featured_media":357,"comment_status":"open","ping_status":"closed","template":"","meta":{"_uag_custom_page_level_css":"","_monsterinsights_skip_tracking":false,"_monsterinsights_sitenote_active":false,"_monsterinsights_sitenote_note":"","_monsterinsights_sitenote_category":0},"product_brand":[],"product_cat":[18],"product_tag":[],"class_list":{"0":"post-356","1":"product","2":"type-product","3":"status-publish","4":"has-post-thumbnail","6":"product_cat-okategoriserad","8":"first","9":"instock","10":"purchasable","11":"product-type-simple"},"aioseo_notices":[],"uagb_featured_image_src":{"full":["https:\/\/www.beerleaguehockey.eu\/wp-content\/uploads\/2026\/04\/1000031763.jpg",1080,1080,false],"thumbnail":["https:\/\/www.beerleaguehockey.eu\/wp-content\/uploads\/2026\/04\/1000031763-150x150.jpg",150,150,true],"medium":["https:\/\/www.beerleaguehockey.eu\/wp-content\/uploads\/2026\/04\/1000031763-300x300.jpg",300,300,true],"medium_large":["https:\/\/www.beerleaguehockey.eu\/wp-content\/uploads\/2026\/04\/1000031763-768x768.jpg",768,768,true],"large":["https:\/\/www.beerleaguehockey.eu\/wp-content\/uploads\/2026\/04\/1000031763-1024x1024.jpg",1024,1024,true],"1536x1536":["https:\/\/www.beerleaguehockey.eu\/wp-content\/uploads\/2026\/04\/1000031763.jpg",1080,1080,false],"2048x2048":["https:\/\/www.beerleaguehockey.eu\/wp-content\/uploads\/2026\/04\/1000031763.jpg",1080,1080,false],"trp-custom-language-flag":["https:\/\/www.beerleaguehockey.eu\/wp-content\/uploads\/2026\/04\/1000031763-12x12.jpg",12,12,true],"mailpoet_newsletter_max":["https:\/\/www.beerleaguehockey.eu\/wp-content\/uploads\/2026\/04\/1000031763.jpg",1080,1080,false],"woocommerce_thumbnail":["https:\/\/www.beerleaguehockey.eu\/wp-content\/uploads\/2026\/04\/1000031763-300x300.jpg",300,300,true],"woocommerce_single":["https:\/\/www.beerleaguehockey.eu\/wp-content\/uploads\/2026\/04\/1000031763-600x600.jpg",600,600,true],"woocommerce_gallery_thumbnail":["https:\/\/www.beerleaguehockey.eu\/wp-content\/uploads\/2026\/04\/1000031763-100x100.jpg",100,100,true]},"uagb_author_info":{"display_name":"POJbeerleague","author_link":"https:\/\/www.beerleaguehockey.eu\/en\/author\/"},"uagb_comment_info":0,"uagb_excerpt":"[&hellip;]","jetpack_sharing_enabled":true,"_links":{"self":[{"href":"https:\/\/www.beerleaguehockey.eu\/en\/wp-json\/wp\/v2\/product\/356","targetHints":{"allow":["GET"]}}],"collection":[{"href":"https:\/\/www.beerleaguehockey.eu\/en\/wp-json\/wp\/v2\/product"}],"about":[{"href":"https:\/\/www.beerleaguehockey.eu\/en\/wp-json\/wp\/v2\/types\/product"}],"replies":[{"embeddable":true,"href":"https:\/\/www.beerleaguehockey.eu\/en\/wp-json\/wp\/v2\/comments?post=356"}],"wp:featuredmedia":[{"embeddable":true,"href":"https:\/\/www.beerleaguehockey.eu\/en\/wp-json\/wp\/v2\/media\/357"}],"wp:attachment":[{"href":"https:\/\/www.beerleaguehockey.eu\/en\/wp-json\/wp\/v2\/media?parent=356"}],"wp:term":[{"taxonomy":"product_brand","embeddable":true,"href":"https:\/\/www.beerleaguehockey.eu\/en\/wp-json\/wp\/v2\/product_brand?post=356"},{"taxonomy":"product_cat","embeddable":true,"href":"https:\/\/www.beerleaguehockey.eu\/en\/wp-json\/wp\/v2\/product_cat?post=356"},{"taxonomy":"product_tag","embeddable":true,"href":"https:\/\/www.beerleaguehockey.eu\/en\/wp-json\/wp\/v2\/product_tag?post=356"}],"curies":[{"name":"wp","href":"https:\/\/api.w.org\/{rel}","templated":true}]}}