{"id":17,"date":"2026-01-12T09:17:00","date_gmt":"2026-01-12T08:17:00","guid":{"rendered":"https:\/\/www.beerleaguehockey.eu\/varukorg\/"},"modified":"2026-01-12T09:40:59","modified_gmt":"2026-01-12T08:40:59","slug":"varukorg","status":"publish","type":"page","link":"https:\/\/www.beerleaguehockey.eu\/en\/varukorg\/","title":{"rendered":"Varukorg"},"content":{"rendered":"<div data-block-name=\"woocommerce\/cart\" class=\"wp-block-woocommerce-cart alignwide is-loading\">\n<div data-block-name=\"woocommerce\/filled-cart-block\" class=\"wp-block-woocommerce-filled-cart-block\">\n<div data-block-name=\"woocommerce\/cart-items-block\" class=\"wp-block-woocommerce-cart-items-block\">\n<div data-block-name=\"woocommerce\/cart-line-items-block\" class=\"wp-block-woocommerce-cart-line-items-block\"><\/div>\n\n\n<\/div>\n\n\n\n\n<div data-block-name=\"woocommerce\/cart-totals-block\" class=\"wp-block-woocommerce-cart-totals-block\">\n<div data-block-name=\"woocommerce\/cart-order-summary-block\" class=\"wp-block-woocommerce-cart-order-summary-block\">\n<div data-block-name=\"woocommerce\/cart-order-summary-heading-block\" class=\"wp-block-woocommerce-cart-order-summary-heading-block\"><\/div><div data-block-name=\"woocommerce\/cart-order-summary-coupon-form-block\" class=\"wp-block-woocommerce-cart-order-summary-coupon-form-block\"><\/div><div data-block-name=\"woocommerce\/cart-order-summary-totals-block\" class=\"wp-block-woocommerce-cart-order-summary-totals-block\">\n<div data-block-name=\"woocommerce\/cart-order-summary-subtotal-block\" class=\"wp-block-woocommerce-cart-order-summary-subtotal-block\"><\/div>\n<div data-block-name=\"woocommerce\/cart-order-summary-discount-block\" class=\"wp-block-woocommerce-cart-order-summary-discount-block\"><\/div>\n<div data-block-name=\"woocommerce\/cart-order-summary-fee-block\" class=\"wp-block-woocommerce-cart-order-summary-fee-block\"><\/div>\n<div data-block-name=\"woocommerce\/cart-order-summary-shipping-block\" class=\"wp-block-woocommerce-cart-order-summary-shipping-block\"><\/div>\n<div data-block-name=\"woocommerce\/cart-order-summary-taxes-block\" class=\"wp-block-woocommerce-cart-order-summary-taxes-block\"><\/div><\/div>\n<\/div>\n\n\n\n<div data-block-name=\"woocommerce\/cart-express-payment-block\" class=\"wp-block-woocommerce-cart-express-payment-block\"><\/div>\n\n\n\n<div data-block-name=\"woocommerce\/proceed-to-checkout-block\" class=\"wp-block-woocommerce-proceed-to-checkout-block\"><\/div>\n\n\n\n<div data-block-name=\"woocommerce\/cart-accepted-payment-methods-block\" class=\"wp-block-woocommerce-cart-accepted-payment-methods-block\"><\/div>\n<\/div>\n<\/div>\n\n\n\n<div data-block-name=\"woocommerce\/empty-cart-block\" class=\"wp-block-woocommerce-empty-cart-block\">\n<h2 class=\"wp-block-heading has-text-align-center with-empty-cart-icon wc-block-cart__empty-cart__title\">Din varukorg \u00e4r f\u00f6r n\u00e4rvarande tom!<\/h2>\n\n\n\n<hr class=\"wp-block-separator has-alpha-channel-opacity is-style-dots\"\/>\n\n\n\n<h2 class=\"wp-block-heading has-text-align-center\">Nytt i butik<\/h2>\n\n\n<div data-block-name=\"woocommerce\/product-new\" data-columns=\"4\" data-rows=\"1\" class=\"wc-block-grid wp-block-product-new wp-block-woocommerce-product-new wc-block-product-new has-4-columns\"><ul class=\"wc-block-grid__products\"><li class=\"wc-block-grid__product\">\n\t\t\t\t<a href=\"https:\/\/www.beerleaguehockey.eu\/en\/product\/drafthockey2026\/\" class=\"wc-block-grid__product-link\">\n\t\t\t\t\t\n\t\t\t\t\t<div class=\"wc-block-grid__product-image\"><img loading=\"lazy\" decoding=\"async\" width=\"300\" height=\"300\" src=\"https:\/\/www.beerleaguehockey.eu\/wp-content\/uploads\/2026\/04\/insta-300x300.png\" class=\"attachment-woocommerce_thumbnail size-woocommerce_thumbnail\" alt=\"BEER LEAGUE DRAFT HOCKEY\" srcset=\"https:\/\/www.beerleaguehockey.eu\/wp-content\/uploads\/2026\/04\/insta-300x300.png 300w, https:\/\/www.beerleaguehockey.eu\/wp-content\/uploads\/2026\/04\/insta-1024x1024.png 1024w, https:\/\/www.beerleaguehockey.eu\/wp-content\/uploads\/2026\/04\/insta-150x150.png 150w, https:\/\/www.beerleaguehockey.eu\/wp-content\/uploads\/2026\/04\/insta-768x768.png 768w, https:\/\/www.beerleaguehockey.eu\/wp-content\/uploads\/2026\/04\/insta-12x12.png 12w, https:\/\/www.beerleaguehockey.eu\/wp-content\/uploads\/2026\/04\/insta-600x600.png 600w, https:\/\/www.beerleaguehockey.eu\/wp-content\/uploads\/2026\/04\/insta-100x100.png 100w, https:\/\/www.beerleaguehockey.eu\/wp-content\/uploads\/2026\/04\/insta.png 1254w\" sizes=\"auto, (max-width: 300px) 100vw, 300px\" \/><\/div>\n\t\t\t\t\t<div class=\"wc-block-grid__product-title\">DRAFT HOCKEY 2026<\/div>\n\t\t\t\t<\/a>\n\t\t\t\t<div class=\"wc-block-grid__product-price price\"><span class=\"woocommerce-Price-amount amount\">850,00&nbsp;<span class=\"woocommerce-Price-currencySymbol\">&#107;&#114;<\/span><\/span><\/div>\n\t\t\t\t\n\t\t\t\t<div class=\"wp-block-button wc-block-grid__product-add-to-cart\"><a href=\"\/en\/wp-json\/wp\/v2\/pages\/17?add-to-cart=370\" aria-label=\"Add to cart: \u201cDRAFT HOCKEY 2026\u201d\" data-quantity=\"1\" data-product_id=\"370\" data-product_sku=\"\" data-price=\"850\" rel=\"nofollow\" class=\"wp-block-button__link wp-element-button add_to_cart_button ajax_add_to_cart\" data-no-translation=\"\" data-trp-gettext=\"\" data-no-translation-aria-label=\"\">Add to cart<\/a><\/div>\n\t\t\t<\/li><li class=\"wc-block-grid__product\">\n\t\t\t\t<a href=\"https:\/\/www.beerleaguehockey.eu\/en\/product\/bulgaria-single-room\/\" class=\"wc-block-grid__product-link\">\n\t\t\t\t\t\n\t\t\t\t\t<div class=\"wc-block-grid__product-image\"><img loading=\"lazy\" decoding=\"async\" width=\"300\" height=\"300\" src=\"https:\/\/www.beerleaguehockey.eu\/wp-content\/uploads\/2026\/01\/WhatsApp-Image-2026-01-19-at-01.13.52-300x300.jpeg\" class=\"attachment-woocommerce_thumbnail size-woocommerce_thumbnail\" alt=\"Bulgaria Single Room\" srcset=\"https:\/\/www.beerleaguehockey.eu\/wp-content\/uploads\/2026\/01\/WhatsApp-Image-2026-01-19-at-01.13.52-300x300.jpeg 300w, https:\/\/www.beerleaguehockey.eu\/wp-content\/uploads\/2026\/01\/WhatsApp-Image-2026-01-19-at-01.13.52-150x150.jpeg 150w, https:\/\/www.beerleaguehockey.eu\/wp-content\/uploads\/2026\/01\/WhatsApp-Image-2026-01-19-at-01.13.52-100x100.jpeg 100w\" sizes=\"auto, (max-width: 300px) 100vw, 300px\" \/><\/div>\n\t\t\t\t\t<div class=\"wc-block-grid__product-title\">Bulgaria Single Room<\/div>\n\t\t\t\t<\/a>\n\t\t\t\t<div class=\"wc-block-grid__product-price price\"><span class=\"woocommerce-Price-amount amount\">14500,00&nbsp;<span class=\"woocommerce-Price-currencySymbol\">&#107;&#114;<\/span><\/span><\/div>\n\t\t\t\t\n\t\t\t\t<div class=\"wp-block-button wc-block-grid__product-add-to-cart\"><a href=\"\/en\/wp-json\/wp\/v2\/pages\/17?add-to-cart=369\" aria-label=\"Add to cart: \u201cBulgaria Single Room\u201d\" data-quantity=\"1\" data-product_id=\"369\" data-product_sku=\"\" data-price=\"14500\" rel=\"nofollow\" class=\"wp-block-button__link wp-element-button add_to_cart_button ajax_add_to_cart\" data-no-translation=\"\" data-trp-gettext=\"\" data-no-translation-aria-label=\"\">Add to cart<\/a><\/div>\n\t\t\t<\/li><li class=\"wc-block-grid__product\">\n\t\t\t\t<a href=\"https:\/\/www.beerleaguehockey.eu\/en\/product\/lag-moppemusche\/\" class=\"wc-block-grid__product-link\">\n\t\t\t\t\t\n\t\t\t\t\t<div class=\"wc-block-grid__product-image\"><img loading=\"lazy\" decoding=\"async\" width=\"300\" height=\"300\" src=\"https:\/\/www.beerleaguehockey.eu\/wp-content\/uploads\/2026\/03\/512512-300x300.png\" class=\"attachment-woocommerce_thumbnail size-woocommerce_thumbnail\" alt=\"Lag Moppemusche\" srcset=\"https:\/\/www.beerleaguehockey.eu\/wp-content\/uploads\/2026\/03\/512512-300x300.png 300w, https:\/\/www.beerleaguehockey.eu\/wp-content\/uploads\/2026\/03\/512512-1024x1024.png 1024w, https:\/\/www.beerleaguehockey.eu\/wp-content\/uploads\/2026\/03\/512512-150x150.png 150w, https:\/\/www.beerleaguehockey.eu\/wp-content\/uploads\/2026\/03\/512512-768x768.png 768w, https:\/\/www.beerleaguehockey.eu\/wp-content\/uploads\/2026\/03\/512512-1536x1536.png 1536w, https:\/\/www.beerleaguehockey.eu\/wp-content\/uploads\/2026\/03\/512512-2048x2048.png 2048w, https:\/\/www.beerleaguehockey.eu\/wp-content\/uploads\/2026\/03\/512512-12x12.png 12w, https:\/\/www.beerleaguehockey.eu\/wp-content\/uploads\/2026\/03\/512512-1320x1319.png 1320w, https:\/\/www.beerleaguehockey.eu\/wp-content\/uploads\/2026\/03\/512512-600x600.png 600w, https:\/\/www.beerleaguehockey.eu\/wp-content\/uploads\/2026\/03\/512512-100x100.png 100w\" sizes=\"auto, (max-width: 300px) 100vw, 300px\" \/><\/div>\n\t\t\t\t\t<div class=\"wc-block-grid__product-title\">Lag Moppemusche<\/div>\n\t\t\t\t<\/a>\n\t\t\t\t<div class=\"wc-block-grid__product-price price\"><span class=\"woocommerce-Price-amount amount\">1800,00&nbsp;<span class=\"woocommerce-Price-currencySymbol\">&#107;&#114;<\/span><\/span><\/div>\n\t\t\t\t\n\t\t\t\t<div class=\"wp-block-button wc-block-grid__product-add-to-cart\"><a href=\"\/en\/wp-json\/wp\/v2\/pages\/17?add-to-cart=368\" aria-label=\"Add to cart: \u201cLag Moppemusche\u201d\" data-quantity=\"1\" data-product_id=\"368\" data-product_sku=\"\" data-price=\"1800\" rel=\"nofollow\" class=\"wp-block-button__link wp-element-button add_to_cart_button ajax_add_to_cart\" data-no-translation=\"\" data-trp-gettext=\"\" data-no-translation-aria-label=\"\">Add to cart<\/a><\/div>\n\t\t\t<\/li><li class=\"wc-block-grid__product\">\n\t\t\t\t<a href=\"https:\/\/www.beerleaguehockey.eu\/en\/product\/produkt\/\" class=\"wc-block-grid__product-link\">\n\t\t\t\t\t\n\t\t\t\t\t<div class=\"wc-block-grid__product-image\"><img loading=\"lazy\" decoding=\"async\" width=\"300\" height=\"300\" src=\"https:\/\/www.beerleaguehockey.eu\/wp-content\/uploads\/2026\/04\/1000031763-300x300.jpg\" class=\"attachment-woocommerce_thumbnail size-woocommerce_thumbnail\" alt=\"Produkt\" srcset=\"https:\/\/www.beerleaguehockey.eu\/wp-content\/uploads\/2026\/04\/1000031763-300x300.jpg 300w, https:\/\/www.beerleaguehockey.eu\/wp-content\/uploads\/2026\/04\/1000031763-1024x1024.jpg 1024w, https:\/\/www.beerleaguehockey.eu\/wp-content\/uploads\/2026\/04\/1000031763-150x150.jpg 150w, https:\/\/www.beerleaguehockey.eu\/wp-content\/uploads\/2026\/04\/1000031763-768x768.jpg 768w, https:\/\/www.beerleaguehockey.eu\/wp-content\/uploads\/2026\/04\/1000031763-12x12.jpg 12w, https:\/\/www.beerleaguehockey.eu\/wp-content\/uploads\/2026\/04\/1000031763-600x600.jpg 600w, https:\/\/www.beerleaguehockey.eu\/wp-content\/uploads\/2026\/04\/1000031763-100x100.jpg 100w, https:\/\/www.beerleaguehockey.eu\/wp-content\/uploads\/2026\/04\/1000031763.jpg 1080w\" sizes=\"auto, (max-width: 300px) 100vw, 300px\" \/><\/div>\n\t\t\t\t\t<div class=\"wc-block-grid__product-title\">Produkt<\/div>\n\t\t\t\t<\/a>\n\t\t\t\t<div class=\"wc-block-grid__product-price price\"><span class=\"woocommerce-Price-amount amount\">850,00&nbsp;<span class=\"woocommerce-Price-currencySymbol\">&#107;&#114;<\/span><\/span><\/div>\n\t\t\t\t\n\t\t\t\t<div class=\"wp-block-button wc-block-grid__product-add-to-cart\"><a href=\"\/en\/wp-json\/wp\/v2\/pages\/17?add-to-cart=356\" aria-label=\"Add to cart: \u201cProdukt\u201d\" data-quantity=\"1\" data-product_id=\"356\" data-product_sku=\"\" data-price=\"850\" rel=\"nofollow\" class=\"wp-block-button__link wp-element-button add_to_cart_button ajax_add_to_cart\" data-no-translation=\"\" data-trp-gettext=\"\" data-no-translation-aria-label=\"\">Add to cart<\/a><\/div>\n\t\t\t<\/li><\/ul><\/div><\/div>\n<\/div>","protected":false},"excerpt":{"rendered":"","protected":false},"author":1,"featured_media":0,"parent":0,"menu_order":0,"comment_status":"closed","ping_status":"closed","template":"page-with-title","meta":{"_uag_custom_page_level_css":"","_monsterinsights_skip_tracking":false,"_monsterinsights_sitenote_active":false,"_monsterinsights_sitenote_note":"","_monsterinsights_sitenote_category":0,"footnotes":""},"class_list":["post-17","page","type-page","status-publish","hentry"],"aioseo_notices":[],"uagb_featured_image_src":{"full":false,"thumbnail":false,"medium":false,"medium_large":false,"large":false,"1536x1536":false,"2048x2048":false,"trp-custom-language-flag":false,"mailpoet_newsletter_max":false,"woocommerce_thumbnail":false,"woocommerce_single":false,"woocommerce_gallery_thumbnail":false},"uagb_author_info":{"display_name":"POJbeerleague","author_link":"https:\/\/www.beerleaguehockey.eu\/en\/author\/pojbeerleague\/"},"uagb_comment_info":0,"uagb_excerpt":null,"jetpack_sharing_enabled":true,"_links":{"self":[{"href":"https:\/\/www.beerleaguehockey.eu\/en\/wp-json\/wp\/v2\/pages\/17","targetHints":{"allow":["GET"]}}],"collection":[{"href":"https:\/\/www.beerleaguehockey.eu\/en\/wp-json\/wp\/v2\/pages"}],"about":[{"href":"https:\/\/www.beerleaguehockey.eu\/en\/wp-json\/wp\/v2\/types\/page"}],"author":[{"embeddable":true,"href":"https:\/\/www.beerleaguehockey.eu\/en\/wp-json\/wp\/v2\/users\/1"}],"replies":[{"embeddable":true,"href":"https:\/\/www.beerleaguehockey.eu\/en\/wp-json\/wp\/v2\/comments?post=17"}],"version-history":[{"count":1,"href":"https:\/\/www.beerleaguehockey.eu\/en\/wp-json\/wp\/v2\/pages\/17\/revisions"}],"predecessor-version":[{"id":131,"href":"https:\/\/www.beerleaguehockey.eu\/en\/wp-json\/wp\/v2\/pages\/17\/revisions\/131"}],"wp:attachment":[{"href":"https:\/\/www.beerleaguehockey.eu\/en\/wp-json\/wp\/v2\/media?parent=17"}],"curies":[{"name":"wp","href":"https:\/\/api.w.org\/{rel}","templated":true}]}}